{"id":8012,"date":"2023-09-14T15:26:55","date_gmt":"2023-09-14T12:26:55","guid":{"rendered":"https:\/\/site.yasminbodrum.com\/?page_id=8012"},"modified":"2023-09-16T13:48:47","modified_gmt":"2023-09-16T10:48:47","slug":"kvkk-ve-gizlilik-politikasi","status":"publish","type":"page","link":"https:\/\/site.yasminbodrum.com\/en\/kvkk-ve-gizlilik-politikasi\/","title":{"rendered":"Privacy Policy"},"content":{"rendered":"<div data-elementor-type=\"wp-page\" data-elementor-id=\"8012\" class=\"elementor elementor-8012\">\n\t\t\t\t\t\t\t\t\t<section class=\"elementor-section elementor-top-section elementor-element elementor-element-69314f5 elementor-section-boxed elementor-section-height-default elementor-section-height-default\" data-id=\"69314f5\" data-element_type=\"section\" data-settings=\"{&quot;hoteller_ext_is_background_parallax&quot;:&quot;false&quot;,&quot;hoteller_ext_is_background_on_scroll&quot;:&quot;false&quot;}\">\n\t\t\t\t\t\t<div class=\"elementor-container elementor-column-gap-default\">\n\t\t\t\t\t<div class=\"elementor-column elementor-col-100 elementor-top-column elementor-element elementor-element-d754505\" data-id=\"d754505\" data-element_type=\"column\" data-settings=\"{&quot;hoteller_ext_link_sidemenu&quot;:&quot;false&quot;,&quot;hoteller_ext_link_fullmenu&quot;:&quot;false&quot;,&quot;hoteller_ext_link_closed_fullmenu&quot;:&quot;false&quot;,&quot;hoteller_ext_is_scrollme&quot;:&quot;false&quot;,&quot;hoteller_ext_is_smoove&quot;:&quot;false&quot;,&quot;hoteller_ext_is_parallax_mouse&quot;:&quot;false&quot;,&quot;hoteller_ext_is_infinite&quot;:&quot;false&quot;,&quot;hoteller_ext_is_fadeout_animation&quot;:&quot;false&quot;,&quot;hoteller_ext_mobile_static&quot;:&quot;false&quot;}\">\n\t\t\t<div class=\"elementor-widget-wrap elementor-element-populated\">\n\t\t\t\t\t\t\t\t<div class=\"elementor-element elementor-element-c1d8cac elementor-widget elementor-widget-text-editor\" data-id=\"c1d8cac\" data-element_type=\"widget\" data-settings=\"{&quot;hoteller_ext_link_sidemenu&quot;:&quot;false&quot;,&quot;hoteller_ext_link_fullmenu&quot;:&quot;false&quot;,&quot;hoteller_ext_link_closed_fullmenu&quot;:&quot;false&quot;,&quot;hoteller_ext_is_scrollme&quot;:&quot;false&quot;,&quot;hoteller_ext_is_smoove&quot;:&quot;false&quot;,&quot;hoteller_ext_is_parallax_mouse&quot;:&quot;false&quot;,&quot;hoteller_ext_is_infinite&quot;:&quot;false&quot;,&quot;hoteller_ext_is_fadeout_animation&quot;:&quot;false&quot;,&quot;hoteller_ext_mobile_static&quot;:&quot;false&quot;}\" data-widget_type=\"text-editor.default\">\n\t\t\t\t<div class=\"elementor-widget-container\">\n\t\t\t<style>\/*! elementor - v3.11.5 - 14-03-2023 *\/\n.elementor-widget-text-editor.elementor-drop-cap-view-stacked .elementor-drop-cap{background-color:#818a91;color:#fff}.elementor-widget-text-editor.elementor-drop-cap-view-framed .elementor-drop-cap{color:#818a91;border:3px solid;background-color:transparent}.elementor-widget-text-editor:not(.elementor-drop-cap-view-default) .elementor-drop-cap{margin-top:8px}.elementor-widget-text-editor:not(.elementor-drop-cap-view-default) .elementor-drop-cap-letter{width:1em;height:1em}.elementor-widget-text-editor .elementor-drop-cap{float:left;text-align:center;line-height:1;font-size:50px}.elementor-widget-text-editor .elementor-drop-cap-letter{display:inline-block}<\/style>\t\t\t\t<p>\u00a0<\/p><p><strong>K\u0130\u015e\u0130SEL VER\u0130LER\u0130N KORUNMASI HAKKINDA A\u00c7IKLAMA VE G\u0130ZL\u0130L\u0130K POL\u0130T\u0130KASI<\/strong><\/p><p><strong>KVKK K\u0130\u015e\u0130SEL VER\u0130LER\u0130N KORUNMASI KANUNU HAKKINDA B\u0130LG\u0130LEND\u0130RME<\/strong><\/p><p><strong>B\u0130RMOD TUR\u0130ZM \u0130N\u015e. T\u0130C. A.\u015e<br \/><\/strong><br \/>Ki\u015fisel Verilerin \u0130\u015flenmesine \u0130li\u015fkin Ayd\u0131nlatma Metni<br \/>A. K\u0130\u015e\u0130SEL VER\u0130LER\u0130N KORUNMASI VE \u0130\u015eLENMES\u0130 POL\u0130T\u0130KASININ AMACI:<br \/>B\u0130RMOD TUR\u0130ZM \u0130N\u015e. T\u0130C. A.\u015e (\u201c\u015eirket\u201d) olarak, 6698 Say\u0131l\u0131 Ki\u015fisel Verilerin Korunmas\u0131 Kanunu (\u201cKVKK\u201d) uyar\u0131nca, Veri Sorumlusu s\u0131fat\u0131yla haz\u0131rlad\u0131\u011f\u0131m\u0131z i\u015fbu \u201cBilgilendirme\u201d yaz\u0131s\u0131 ile sizlere, KVKK\u2019da yer alan \u201cVeri Sorumlusunun Ayd\u0131nlatma Y\u00fck\u00fcml\u00fcl\u00fc\u011f\u00fc\u201d ba\u015fl\u0131kl\u0131 10. ve \u201c\u0130lgili Ki\u015finin Haklar\u0131\u201d ba\u015fl\u0131kl\u0131 11. maddesi \u00e7er\u00e7evesinde; hangi ama\u00e7la ki\u015fisel verilerinizin i\u015flenece\u011fi, i\u015flenen ki\u015fisel verilerinizin kimlere ve hangi ama\u00e7la aktar\u0131labilece\u011fi, ki\u015fisel verilerinizin toplanmas\u0131n\u0131n y\u00f6ntemi ve hukuki sebebi ve KVKK\u2019n\u0131n 11. maddesinde say\u0131lan di\u011fer haklar\u0131n\u0131zla ilgili olarak bilgi vermek isteriz:<\/p><p>Veri Sorumlusu s\u0131fat\u0131yla, ki\u015fisel verilerinizi a\u015fa\u011f\u0131da izah etmi\u015f oldu\u011fumuz \u015fekilde ve resmi mevzuat taraf\u0131ndan emredilen s\u0131n\u0131rlar \u00e7er\u00e7evesinde i\u015flemekte, kaydetmekte, aktarmakta, payla\u015fmakta ve saklamaktay\u0131z.<\/p><p>\u015eirketimiz, i\u015fbu \u201cKi\u015fisel Verilerin Korunmas\u0131 Hakk\u0131nda Ayd\u0131nlatma Metni\u201dni y\u00fcr\u00fcrl\u00fckteki resmi mevzuatta yap\u0131labilecek de\u011fi\u015fiklikler \u00e7er\u00e7evesinde her zaman g\u00fcncelleme hakk\u0131n\u0131 sakl\u0131 tutar.<\/p><p><strong>B. K\u0130\u015e\u0130SEL VER\u0130LER\u0130N TOPLANMASI, \u0130\u015eLENMES\u0130 VE \u0130\u015eLEME AMA\u00c7LARI:<\/strong><\/p><p>\u015eirket Esas S\u00f6zle\u015fmesinde detayl\u0131 olarak belirtilen alanlarda faaliyet g\u00f6steren \u015firketimiz taraf\u0131ndan, s\u00f6z konusu faaliyetler dolay\u0131s\u0131yla; gerek Turizm ve Gelir \u0130daresi Ba\u015fkanl\u0131\u011f\u0131 ve ilgili di\u011fer kurumlar\u0131n d\u00fczenlemeleri gerekse akdetti\u011fimiz s\u00f6zle\u015fmeler nedeniyle s\u00f6zl\u00fc, yaz\u0131l\u0131 ya da elektronik ki\u015fisel verileriniz toplanmakta ve i\u015flenmektedir. Bu ki\u015fisel verileriniz, \u015firketimizin faaliyet konular\u0131 ile ilgili hizmetleri sunabilmek ve bu hizmetlerin kalitesini artt\u0131rabilmek, \u015firketimizin sat\u0131\u015f, pazarlama ve sair faaliyetlerini yerine getirebilmek, bilgi saklama, raporlama, bilgilendirme y\u00fck\u00fcml\u00fcl\u00fcklerine uymak amac\u0131yla kullan\u0131lacakt\u0131r. Ayr\u0131ca ki\u015fisel verileriniz, sizlere sundu\u011fumuz hizmet kalitemizin artt\u0131r\u0131lmas\u0131 ile sat\u0131\u015f ve pazarlama faaliyetleri i\u00e7in yap\u0131lacak CRM (M\u00fc\u015fteri \u0130li\u015fkileri Y\u00f6netimi) uygulamalar\u0131 gibi \u00e7al\u0131\u015fmalar kapsam\u0131nda da kullan\u0131labilecektir.<\/p><p>Ki\u015fisel verileriniz, a\u00e7\u0131k r\u0131zan\u0131z bulunmadan yukar\u0131da belirtilen ama\u00e7lar d\u0131\u015f\u0131nda kullan\u0131lmayacak olup, yasal y\u00fck\u00fcml\u00fcl\u00fckler ve resmi kurum\/kurulu\u015flar haricinde \u00fc\u00e7\u00fcnc\u00fc \u015fah\u0131slarla payla\u015f\u0131lmayacak ya da aktar\u0131lmayacakt\u0131r.<\/p><p>\u015eirketimiz, s\u00f6z konusu ki\u015fisel verilerinizi sadece; m\u00fc\u015fterilerin a\u00e7\u0131k r\u0131zas\u0131na istinaden veya tabi oldu\u011fumuz mevzuat ba\u015fta olmak \u00fczere KVKK md. 5\/f.2\u2019de \u00f6ng\u00f6r\u00fclen di\u011fer hallerde, siz m\u00fc\u015fterilerimize katma de\u011ferli hizmetler, f\u0131rsat ve olanaklar sunulmas\u0131 ve hizmet kalitesinin art\u0131r\u0131lmas\u0131 amac\u0131yla, yurt i\u00e7inde ya da yurt d\u0131\u015f\u0131ndaki i\u015ftiraklerimizle ve do\u011frudan veya dolayl\u0131 ba\u011fl\u0131 \u015firketlerimizle ve ortak giri\u015fimlerimizle veya yasal bir zorunluluk gere\u011fi bu verileri talep etmeye yetkili olan kamu kurum veya kurulu\u015flar\u0131 ile ve yeterli \u00f6nlemler al\u0131nmak kayd\u0131yla, faaliyetlerimiz gere\u011fi anla\u015fmal\u0131 oldu\u011fumuz yurt i\u00e7inde ya da yurt d\u0131\u015f\u0131ndaki kurumlar, tedarik\u00e7iler, yetkili sat\u0131c\u0131lar\/bayiiler\/i\u015f ortaklar\u0131m\u0131z ile payla\u015fabilecektir.<\/p><p>Ki\u015fisel verileriniz, \u015eirketimiz taraf\u0131ndan verilen hizmetler, \u00fcr\u00fcnler ya da ticari faaliyetlere ba\u011fl\u0131 olarak de\u011fi\u015fkenlik g\u00f6sterebilmekle birlikte; otomatik ya da otomatik olmayan y\u00f6ntemlerle, ofisler, \u015fubeler, bayiler, \u00e7a\u011fr\u0131 merkezi, internet sitesi, sosyal medya kanallar\u0131, mobil uygulamalar ve benzeri ara\u00e7larla s\u00f6zl\u00fc, yaz\u0131l\u0131 ya da elektronik olarak toplanabilecektir. \u015eirketimizin \u00fcr\u00fcn ve hizmetlerinden yararland\u0131\u011f\u0131n\u0131z m\u00fcddet\u00e7e ki\u015fisel verileriniz olu\u015fturulmak ve g\u00fcncellenmek suretiyle i\u015flenebilecektir.<br \/>Ayr\u0131ca, \u015eirketimizin hizmetlerini kullanmak niyetiyle;<\/p><p>a. \u00c7a\u011fr\u0131 merkezimizi veya internet sayfam\u0131z\u0131 kulland\u0131\u011f\u0131n\u0131zda,<br \/>b. \u015eirketimizi, internet sitemizi veya sosyal medya kanallar\u0131m\u0131z\u0131\/mecralar\u0131m\u0131z\u0131 ziyaret etti\u011finizde,<br \/>c. \u015eirketimizin d\u00fczenledi\u011fi e\u011fitim, seminer veya organizasyonlara kat\u0131ld\u0131\u011f\u0131n\u0131zda ki\u015fisel verileriniz i\u015flenebilecektir. Sizlerden r\u0131zan\u0131zla ya da T\u00fcrkiye Cumhuriyeti kanunlar\u0131nda ifade edilen di\u011fer hukuka uygunluk nedenleri gere\u011fi elde edilmi\u015f ki\u015fisel verileriniz;<br \/>i. \u015eirketimiz taraf\u0131ndan sunulan \u00fcr\u00fcn ve hizmetlerden sizleri faydaland\u0131rmak i\u00e7in gerekli \u00e7al\u0131\u015fmalar\u0131n i\u015f birimlerimiz taraf\u0131ndan yap\u0131labilmesi;<br \/>ii. \u015eirketimiz taraf\u0131ndan sunulan \u00fcr\u00fcn ve hizmetlerin sizlerin be\u011feni, kullan\u0131m al\u0131\u015fkanl\u0131klar\u0131 ve ihtiya\u00e7lar\u0131na g\u00f6re \u00f6zelle\u015ftirilerek sizlere \u00f6nerilmesi;<br \/>iii. \u015eirketimizin ve \u015eirketimizle i\u015f ili\u015fkisi i\u00e7erisinde olan ki\u015filerin hukuki ve ticari g\u00fcvenli\u011finin temini (\u015eirketimiz taraf\u0131ndan y\u00fcr\u00fct\u00fclen ileti\u015fime y\u00f6nelik idari operasyonlar, \u015eirkete ait lokasyonlar\u0131n fiziksel g\u00fcvenli\u011fini ve denetimini sa\u011flamak, i\u015f orta\u011f\u0131\/m\u00fc\u015fteri\/tedarik\u00e7i (yetkili veya \u00e7al\u0131\u015fanlar\u0131) de\u011ferlendirme s\u00fcre\u00e7leri, hukuki uyum s\u00fcreci, mali i\u015fler v.b.);<br \/>iv. \u015eirketimizin sunmu\u015f oldu\u011fu hizmetlerin daha kaliteli hale getirilmesi ve kalite politikam\u0131z\u0131n geli\u015ftirilmesi,<br \/>v. \u015eirketimizin sunmu\u015f oldu\u011fu genel ve \u00f6zel kampanyalar\u0131ndan, promosyon, tan\u0131t\u0131m, indirim ve benzeri avantajlar\u0131ndan haberdar edilmeniz ve yararland\u0131r\u0131lman\u0131z;<br \/>vi. \u015eirketimizin sundu\u011fu mecralardan hizmet almak amac\u0131yla kullan\u0131c\u0131 ad\u0131n\u0131z ve \u015fifreniz ile giri\u015f yapt\u0131\u011f\u0131n\u0131zda ilgili mecralarda yer alan ki\u015fisel verileriniz, tercihleriniz, i\u015flemleriniz ile gezinme s\u00fcreniz ile birlikte elde edilen verileri talep etmi\u015f oldu\u011funuz bilgi ve hizmetleri size verebilmek amac\u0131yla i\u015fleyebilmek;<br \/>vii. \u015eirketimiz ve ili\u015fkili \u015firketleri\/kurulu\u015flar\u0131 taraf\u0131ndan \u00e7\u0131kar\u0131lan ve\/veya \u00e7\u0131kar\u0131lacak olan her t\u00fcrl\u00fc sadakat kart ile \u015eirketimiz ve ili\u015fkili \u015firketleri\/kurulu\u015flar\u0131n\u0131n web sitesi \u00fcyelikleri ile ilgili bildirimleri (yenileme, sona erme vb.) yapabilmek, taraf\u0131n\u0131z ile kurulabilecek her t\u00fcrl\u00fc ileti\u015fim, yeni sunulacak hizmet ve \u00fcr\u00fcnler ile ki\u015fisel veri politikalar\u0131nda ve \u00fcyelik ko\u015fullar\u0131nda olabilecek de\u011fi\u015fiklik, yenilikleri ve benzeri konularda bilgilendirmek;<br \/>viii. \u015eirketimizden talep edece\u011finiz bilgi, etkinlik ve hizmetlerle ilgili sizlere bilgilendirme yapmak;<br \/>ix. \u015eirketimizin ticari ve i\u015f stratejilerinin belirlenmesi ve uygulanmas\u0131;<br \/>x. \u015eirketimizin insan kaynaklar\u0131 politikalar\u0131n\u0131n y\u00fcr\u00fct\u00fclmesinin temini ve;<br \/>xi. Mevzuatta a\u00e7\u0131k\u00e7a belirtilmesi durumunda veya gerekti\u011fi takdirde mevzuatla belirlenen bir hukuki y\u00fck\u00fcml\u00fcl\u00fc\u011f\u00fcn yerine getirilmesi<br \/>ama\u00e7lar\u0131yla KVK Kanunu\u2019nun 5. ve 6. maddelerinde belirtilen ki\u015fisel veri i\u015fleme \u015fartlar\u0131 ve ama\u00e7lar\u0131 dahilinde \u015eirketimiz ve ili\u015fkili \u015firketleri\/kurulu\u015flar\u0131 ile a\u015fa\u011f\u0131da (C) Maddesinde belirtilen di\u011fer ger\u00e7ek ve\/veya t\u00fczel ki\u015filer taraf\u0131ndan i\u015flenebilecektir.<\/p><p><strong>C. K\u0130\u015e\u0130SEL VER\u0130 TOPLAMANIN Y\u00d6NTEM\u0130 VE HUKUK\u0130 SEBEB\u0130:<\/strong><\/p><p>Ki\u015fisel verileriniz, her t\u00fcrl\u00fc s\u00f6zl\u00fc, yaz\u0131l\u0131 ya da elektronik ortamda, yukar\u0131daki maddelerde belirtilen ama\u00e7lar do\u011frultusunda \u015eirket olarak \u00fcr\u00fcn ve hizmetlerimizin belirlenen yasal \u00e7er\u00e7evede sunulabilmesi ve bu kapsamda \u015eirketimizin s\u00f6zle\u015fme ve yasadan do\u011fan sorumluluklar\u0131n\u0131 eksiksiz ve do\u011fru bir \u015fekilde yerine getirebilmesi amac\u0131yla edinilir.<\/p><p>Bu hukuki sebeple toplanan ki\u015fisel verileriniz KVK Kanunu\u2019nun 5. ve 6. maddelerinde belirtilen ki\u015fisel veri i\u015fleme \u015fartlar\u0131 ve ama\u00e7lar\u0131 kapsam\u0131nda bu metnin (B) maddesinde belirtilen ama\u00e7larla i\u015flenmekte, kaydedilmekte, aktar\u0131lmakta, payla\u015f\u0131lmakta ve saklanmaktad\u0131r.<\/p><p><strong>D. \u00d6ZEL N\u0130TEL\u0130KL\u0130 VER\u0130LER\u0130N \u0130\u015eLENMES\u0130:<\/strong><\/p><p>KVK Kanun\u2019a g\u00f6re ki\u015filerin \u0131rk\u0131, etnik k\u00f6keni, siyasi d\u00fc\u015f\u00fcncesi, felsefi inanc\u0131, dini, mezhebi veya di\u011fer inan\u00e7lar\u0131, k\u0131l\u0131k ve k\u0131yafeti, dernek, vak\u0131f ya da sendika \u00fcyeli\u011fi, sa\u011fl\u0131\u011f\u0131, cinsel hayat\u0131, ceza mahk\u00fbmiyeti ve g\u00fcvenlik tedbirleriyle ilgili verileri ile biyometrik ve genetik verileri \u00f6zel nitelikli ki\u015fisel veridir. \u015eirketimiz, \u00f6zel nitelikli ki\u015fisel verilerin i\u015flenmesinde, ayr\u0131ca Ki\u015fisel Verilerin Korunmas\u0131 Kurulu taraf\u0131ndan belirlenen \u00f6nlemleri yeterli d\u00fczeyde al\u0131r. \u015eirketimiz, daha iyi hizmet verebilmesi i\u00e7in ki\u015filerin \u00f6zel nitelikli verilerini ancak ilgili ki\u015fiden r\u0131za alarak ve sadece toplama amac\u0131na hizmet etmesi i\u00e7in i\u015fleyecektir.<\/p><p><strong>E. \u0130\u015eLENEN K\u0130\u015e\u0130SEL VER\u0130LER\u0130N K\u0130MLERE VE HANG\u0130 AMA\u00c7LA AKTARILAB\u0130LECE\u011e\u0130:<br \/><\/strong><br \/>Toplanan ki\u015fisel verileriniz, (B) Maddesinde belirtilen ama\u00e7lara hizmet etmesi i\u00e7in Yasmin Bodrum Resort Hotel yan\u0131s\u0131ra hissedarlar\u0131m\u0131za, i\u015f ortaklar\u0131m\u0131za, tedarik\u00e7ilerimize, kanunen yetkili kamu kurumlar\u0131 ve \u00f6zel ki\u015filere, KVK Kanunu\u2019nun 8. ve 9. maddelerinde belirtilen ki\u015fisel veri i\u015fleme \u015fartlar\u0131 ve ama\u00e7lar\u0131 \u00e7er\u00e7evesinde aktar\u0131labilecektir.<\/p><p><strong>F. K\u0130\u015e\u0130SEL VER\u0130LER\u0130N YURTDI\u015eINA AKTARILMASI:<\/strong><\/p><p>\u015eirketimiz, KVK Kanun\u2019unda Ki\u015fisel Verilerin Korunmas\u0131 Kurulu taraf\u0131ndan belirlenen \u015fartlar dahilinde ki\u015fisel verileri kanundaki di\u011fer \u015fartlara uygun olarak ve ki\u015finin bu ama\u00e7la a\u00e7\u0131k r\u0131zas\u0131n\u0131 ald\u0131ktan sonra yurt d\u0131\u015f\u0131na aktarma yetkisine sahiptir.<\/p><p><strong>G. K\u0130\u015e\u0130SEL VER\u0130 SAH\u0130B\u0130N\u0130N KVK KANUNU\u2019NUN 11. MADDES\u0130NDE SAYILAN HAKLARI:<\/strong><\/p><p>KVK Kanun kapsam\u0131nda, ilgili ki\u015finin ki\u015fisel verisinin i\u015flenmesinden, kaydedilmesinden, aktar\u0131lmas\u0131ndan, payla\u015f\u0131lmas\u0131ndan ve saklanmas\u0131ndan \u00f6nce ayd\u0131nlat\u0131lma ve onay\u0131n\u0131n al\u0131nmas\u0131 hakk\u0131n\u0131n oldu\u011funu, verinin i\u015flenmesinden, kaydedilmesinden, aktar\u0131lmas\u0131ndan, payla\u015f\u0131lmas\u0131ndan ve saklanmas\u0131ndan sonra ise verisinin kaderini tayin etme hakk\u0131na sahip oldu\u011funu kabul etmekteyiz.<\/p><p>Bu \u00e7er\u00e7evede, ki\u015fisel veri sahipleri olarak haklar\u0131n\u0131za ili\u015fkin taleplerinizi, i\u015fbu \u201cKi\u015fisel Verilerin \u0130\u015flenmesine \u0130li\u015fkin Ayd\u0131nlatma Metni\u201dnde a\u015fa\u011f\u0131da d\u00fczenlenen y\u00f6ntemlerle \u015eirketimize iletmeniz durumunda \u015eirketimiz talebin niteli\u011fine g\u00f6re talebi en ge\u00e7 otuz g\u00fcn i\u00e7inde \u00fccretsiz olarak sonu\u00e7land\u0131racakt\u0131r.<\/p><p>Ki\u015fisel Verileri Koruma Kurulu taraf\u0131ndan yay\u0131nlanan Veri Sorumlusuna Ba\u015fvuru Usul ve Esaslar\u0131 Hakk\u0131nda Tebli\u011f uyar\u0131nca, ki\u015fisel veri sahipleri olarak haklar\u0131n\u0131za ili\u015fkin taleplerinize ili\u015fkin olarak<\/p><p>i. Ba\u015fvurunuza yaz\u0131l\u0131 olarak cevap verilecekse, on sayfaya kadar \u00fccret al\u0131nmaz. On sayfan\u0131n \u00fczerindeki her sayfa i\u00e7in 1 T\u00fcrk Liras\u0131 i\u015flem \u00fccreti al\u0131nabilir.<br \/>ii. Ba\u015fvuruya cevab\u0131n CD, flash bellek gibi bir kay\u0131t ortam\u0131nda verilmesi halinde veri sorumlusu olarak \u015eirketimiz taraf\u0131ndan talep edilebilecek \u00fccret kay\u0131t ortam\u0131n\u0131n maliyetini ge\u00e7emez.<\/p><p>Bu kapsamda ki\u015fisel veri sahipleri;<br \/>a. Ki\u015fisel veri i\u015flenip i\u015flenmedi\u011fini \u00f6\u011frenme,<br \/>b. Ki\u015fisel verileri i\u015flenmi\u015fse buna ili\u015fkin bilgi talep etme,<br \/>c. Ki\u015fisel verilerin i\u015flenme amac\u0131n\u0131 ve bunlar\u0131n amac\u0131na uygun kullan\u0131l\u0131p kullan\u0131lmad\u0131\u011f\u0131n\u0131 \u00f6\u011frenme,<br \/>d. Yurt i\u00e7inde veya yurt d\u0131\u015f\u0131nda ki\u015fisel verilerin aktar\u0131ld\u0131\u011f\u0131 \u00fc\u00e7\u00fcnc\u00fc ki\u015fileri bilme,<br \/>e. Ki\u015fisel verilerin eksik veya yanl\u0131\u015f i\u015flenmi\u015f olmas\u0131 h\u00e2linde bunlar\u0131n d\u00fczeltilmesini isteme ve bu kapsamda yap\u0131lan i\u015flemin ki\u015fisel verilerin aktar\u0131ld\u0131\u011f\u0131 \u00fc\u00e7\u00fcnc\u00fc ki\u015filere bildirilmesini isteme,<br \/>f. KVK Kanunu\u2019nun 7. Maddesinde \u00f6ng\u00f6r\u00fclen \u015fartlar \u00e7er\u00e7evesinde ki\u015fisel verilerin silinmesini, yok edilmesi veya anonim haline getirilmesini isteme ve bu kapsamda yap\u0131lan i\u015flemin ki\u015fisel verilerin aktar\u0131ld\u0131\u011f\u0131 \u00fc\u00e7\u00fcnc\u00fc ki\u015filere bildirilmesini isteme,<br \/>g. \u0130\u015flenen verilerin m\u00fcnhas\u0131ran otomatik sistemler vas\u0131tas\u0131yla analiz edilmesi suretiyle ki\u015finin kendisi aleyhine bir sonucun ortaya \u00e7\u0131kmas\u0131na itiraz etme,<br \/>h. Ki\u015fisel verilerin kanuna ayk\u0131r\u0131 olarak islenmesi sebebiyle zarara u\u011framas\u0131 h\u00e2linde zarar\u0131n giderilmesini talep etme haklar\u0131na sahiptir. Buna kar\u015f\u0131n, \u015eirket i\u00e7inde anonimle\u015ftirilmi\u015f verilerle ilgili olarak ki\u015filerin bir hakk\u0131 bulunmamaktad\u0131r. \u015eirketimiz, ki\u015fisel verileri, i\u015f ve s\u00f6zle\u015fme ili\u015fkisi gere\u011fince, bir yarg\u0131sal g\u00f6revin ya da devlet otoritesinin Kanuni yetkilerini kullanmas\u0131 amac\u0131yla ilgili kurum ve kurulu\u015flarca payla\u015fabilecektir.<\/p><p><strong>H. K\u0130\u015e\u0130SEL VER\u0130LER\u0130N\u0130Z\u0130N \u0130\u015eLENECE\u011e\u0130 S\u00dcRELER:<\/strong><\/p><p>KVK Kanununa uygun olarak, i\u015fbu \u201cKi\u015fisel Verilerin \u0130\u015flenmesine \u0130li\u015fkin Ayd\u0131nlatma Metni\u201dnde belirtilen ama\u00e7larla i\u015flenmi\u015f olan ki\u015fisel verileriniz, KVK Kanunu madde 7\/f.1.\u2019e g\u00f6re i\u015flenmesi gerektiren ama\u00e7 ortadan kalkt\u0131\u011f\u0131nda ve\/veya mevzuat uyar\u0131nca verilerinizi i\u015flememiz i\u00e7in zorunlu k\u0131l\u0131nd\u0131\u011f\u0131m\u0131z zaman a\u015f\u0131m\u0131 s\u00fcreleri doldu\u011funda, ki\u015fisel verileriniz taraf\u0131m\u0131zca silinecek, yok edilecek veya anonimle\u015ftirerek kullan\u0131lmaya devam edilecektir.<\/p><p>\u0130. \u015e\u0130RKET\u0130M\u0130Z\u0130N K\u0130\u015e\u0130SEL VER\u0130LER\u0130N\u0130Z\u0130 KANUNLAR GERE\u011e\u0130 A\u00c7IK RIZANIZ OLMAKSIZIN \u0130\u015eLEYEB\u0130LECE\u011e\u0130 DURUMLAR:<\/p><p>KVKK\u2019n\u0131n 5. maddesi uyar\u0131nca, a\u015fa\u011f\u0131daki hallerde \u015eirketimiz, a\u00e7\u0131k r\u0131zan\u0131z aranmaks\u0131z\u0131n yukar\u0131da belirtilen ve kanuna uygun olarak alm\u0131\u015f oldu\u011fu ki\u015fisel verilerinizi i\u015fleyebilir:<\/p><p>Kanunlarda a\u00e7\u0131k\u00e7a \u00f6ng\u00f6r\u00fcld\u00fc\u011f\u00fc haller;<\/p><p>i. Fiili imk\u00e2ns\u0131zl\u0131k nedeniyle veri sahibi olarak r\u0131zan\u0131z\u0131 a\u00e7\u0131klayamayacak durumda olman\u0131z veya r\u0131zan\u0131za hukuki ge\u00e7erlilik tan\u0131nmayan hallerde kendinizin ya da bir ba\u015fkas\u0131n\u0131n hayat\u0131 veya beden b\u00fct\u00fcnl\u00fc\u011f\u00fcn\u00fcn korunmas\u0131 i\u00e7in ki\u015fisel verinizin i\u015flenmesinin zorunlu olmas\u0131,<br \/>ii. \u015eirketimiz ve ili\u015fkili \u015firketleri\/kurulu\u015flar\u0131, (C) Maddesinde belirtilen di\u011fer ger\u00e7ek ve\/veya t\u00fczel ki\u015filer ile akdetti\u011finiz bir s\u00f6zle\u015fmenin kurulmas\u0131 veya ifas\u0131yla do\u011frudan do\u011fruya ilgili olmas\u0131 kayd\u0131yla, s\u00f6zle\u015fmenin taraflar\u0131na ait ki\u015fisel verilerin i\u015flenmesinin gerekli olmas\u0131,<br \/>iii. \u015eirketimizin bir hukuki y\u00fck\u00fcml\u00fcl\u00fc\u011f\u00fcn\u00fc yerine getirebilmesi i\u00e7in zorunlu olmas\u0131,<br \/>iv. Ki\u015fisel verinizin taraf\u0131n\u0131zca alenile\u015ftirilmi\u015f olmas\u0131,<br \/>v. Bir hakk\u0131n tesisi, kullan\u0131lmas\u0131 veya korunmas\u0131 i\u00e7in veri i\u015flemenin zorunlu olmas\u0131,<br \/>vi. Sahip oldu\u011funuz temel hak ve \u00f6zg\u00fcrl\u00fcklerinize zarar vermemek kayd\u0131yla, \u015eirketimizin me\u015fru menfaatleri i\u00e7in veri i\u015flenmesinin zorunlu olmas\u0131.<\/p><p><strong>J. K\u0130\u015e\u0130SEL VER\u0130LER\u0130N KORUNMASI KANUNU UYARINCA TALEPTE BULUNMAK \u0130\u00c7\u0130N:<\/strong><\/p><p>KVK Kanunu\u2019nun 13. maddesinin 1. f\u0131kras\u0131 gere\u011fince, yukar\u0131da belirtilen haklar\u0131n\u0131z\u0131 kullanmakla ilgili talebinizi Ki\u015fisel Verileri Koruma Kurulu\u2019nun belirledi\u011fi\/belirleyece\u011fi y\u00f6ntem(ler)le \u015eirketimize iletebilirsiniz. Alternatif olarak dilerseniz, KVK Kanunu gere\u011fince ba\u015fvurunuzu yaz\u0131l\u0131 olarak da \u015eirketimize iletebilirsiniz. 6698 Say\u0131l\u0131 Kanun md. 11\u2019de yer alan bu haklar\u0131n\u0131z\u0131 kullanmak i\u00e7in bizimle her zaman info@yasminbodrum.com adresine e-posta g\u00f6ndererek irtibata ge\u00e7ebilirsiniz. Ki\u015fisel verileriniz ile ilgili konularda sadece KVKK@yasminbodrum.com e-posta adresinin kullan\u0131lmas\u0131 gerekmekte olup, bu adres d\u0131\u015f\u0131ndaki kanallardan gelen talep ve bildirimler de\u011ferlendirmeye al\u0131nmayacakt\u0131r.<\/p><p>Ki\u015fisel verilere ili\u015fkin haklar yaln\u0131zca ki\u015filerin kendilerine ait veriler hakk\u0131nda kullan\u0131labilecektir. Formu dolduran ve ekinde kimli\u011finizi tespit edici resmi belgeler bulunan ki\u015finin kendisi d\u0131\u015f\u0131ndaki ki\u015filerin verilerine ili\u015fkin talepler dikkate al\u0131nmayacakt\u0131r. Kimli\u011finizi tespit edici resmi belgeler eklenmeyen formlar dikkate al\u0131nmayacakt\u0131r. Veri silme talepleri yerine getirildi\u011finde dahi resmi makamlar taraf\u0131ndan talep edildi\u011fi takdirde verileri resmi makamlarla payla\u015fmakla y\u00fck\u00fcml\u00fc oldu\u011fumuzu bilgilerinize sunar\u0131z.<\/p>\t\t\t\t\t\t<\/div>\n\t\t\t\t<\/div>\n\t\t\t\t\t<\/div>\n\t\t<\/div>\n\t\t\t\t\t\t\t<\/div>\n\t\t<\/section>\n\t\t\t\t\t\t\t<\/div>","protected":false},"excerpt":{"rendered":"<p>\u00a0 K\u0130\u015e\u0130SEL VER\u0130LER\u0130N KORUNMASI HAKKINDA A\u00c7IKLAMA VE G\u0130ZL\u0130L\u0130K POL\u0130T\u0130KASI KVKK K\u0130\u015e\u0130SEL VER\u0130LER\u0130N KORUNMASI KANUNU HAKKINDA B\u0130LG\u0130LEND\u0130RME B\u0130RMOD TUR\u0130ZM \u0130N\u015e. T\u0130C. A.\u015eKi\u015fisel Verilerin \u0130\u015flenmesine \u0130li\u015fkin Ayd\u0131nlatma MetniA. K\u0130\u015e\u0130SEL VER\u0130LER\u0130N KORUNMASI VE \u0130\u015eLENMES\u0130 POL\u0130T\u0130KASININ AMACI:B\u0130RMOD TUR\u0130ZM \u0130N\u015e. T\u0130C. A.\u015e (\u201c\u015eirket\u201d) olarak, 6698 [&hellip;]<\/p>","protected":false},"author":1,"featured_media":0,"parent":0,"menu_order":6,"comment_status":"closed","ping_status":"closed","template":"elementor_header_footer","meta":{"footnotes":""},"class_list":["post-8012","page","type-page","status-publish","hentry"],"_links":{"self":[{"href":"https:\/\/site.yasminbodrum.com\/en\/wp-json\/wp\/v2\/pages\/8012","targetHints":{"allow":["GET"]}}],"collection":[{"href":"https:\/\/site.yasminbodrum.com\/en\/wp-json\/wp\/v2\/pages"}],"about":[{"href":"https:\/\/site.yasminbodrum.com\/en\/wp-json\/wp\/v2\/types\/page"}],"author":[{"embeddable":true,"href":"https:\/\/site.yasminbodrum.com\/en\/wp-json\/wp\/v2\/users\/1"}],"replies":[{"embeddable":true,"href":"https:\/\/site.yasminbodrum.com\/en\/wp-json\/wp\/v2\/comments?post=8012"}],"version-history":[{"count":13,"href":"https:\/\/site.yasminbodrum.com\/en\/wp-json\/wp\/v2\/pages\/8012\/revisions"}],"predecessor-version":[{"id":8026,"href":"https:\/\/site.yasminbodrum.com\/en\/wp-json\/wp\/v2\/pages\/8012\/revisions\/8026"}],"wp:attachment":[{"href":"https:\/\/site.yasminbodrum.com\/en\/wp-json\/wp\/v2\/media?parent=8012"}],"curies":[{"name":"wp","href":"https:\/\/api.w.org\/{rel}","templated":true}]}}