{"id":7992,"date":"2023-09-14T15:09:44","date_gmt":"2023-09-14T12:09:44","guid":{"rendered":"https:\/\/site.yasminbodrum.com\/?page_id=7992"},"modified":"2023-09-16T13:46:47","modified_gmt":"2023-09-16T10:46:47","slug":"hizmet-sozlesmesi","status":"publish","type":"page","link":"https:\/\/site.yasminbodrum.com\/en\/hizmet-sozlesmesi\/","title":{"rendered":"User Sales Agreement"},"content":{"rendered":"<div data-elementor-type=\"wp-page\" data-elementor-id=\"7992\" class=\"elementor elementor-7992\">\n\t\t\t\t\t\t\t\t\t<section class=\"elementor-section elementor-top-section elementor-element elementor-element-69314f5 elementor-section-boxed elementor-section-height-default elementor-section-height-default\" data-id=\"69314f5\" data-element_type=\"section\" data-settings=\"{&quot;hoteller_ext_is_background_parallax&quot;:&quot;false&quot;,&quot;hoteller_ext_is_background_on_scroll&quot;:&quot;false&quot;}\">\n\t\t\t\t\t\t<div class=\"elementor-container elementor-column-gap-default\">\n\t\t\t\t\t<div class=\"elementor-column elementor-col-100 elementor-top-column elementor-element elementor-element-d754505\" data-id=\"d754505\" data-element_type=\"column\" data-settings=\"{&quot;hoteller_ext_link_sidemenu&quot;:&quot;false&quot;,&quot;hoteller_ext_link_fullmenu&quot;:&quot;false&quot;,&quot;hoteller_ext_link_closed_fullmenu&quot;:&quot;false&quot;,&quot;hoteller_ext_is_scrollme&quot;:&quot;false&quot;,&quot;hoteller_ext_is_smoove&quot;:&quot;false&quot;,&quot;hoteller_ext_is_parallax_mouse&quot;:&quot;false&quot;,&quot;hoteller_ext_is_infinite&quot;:&quot;false&quot;,&quot;hoteller_ext_is_fadeout_animation&quot;:&quot;false&quot;,&quot;hoteller_ext_mobile_static&quot;:&quot;false&quot;}\">\n\t\t\t<div class=\"elementor-widget-wrap elementor-element-populated\">\n\t\t\t\t\t\t\t\t<div class=\"elementor-element elementor-element-c1d8cac elementor-widget elementor-widget-text-editor\" data-id=\"c1d8cac\" data-element_type=\"widget\" data-settings=\"{&quot;hoteller_ext_link_sidemenu&quot;:&quot;false&quot;,&quot;hoteller_ext_link_fullmenu&quot;:&quot;false&quot;,&quot;hoteller_ext_link_closed_fullmenu&quot;:&quot;false&quot;,&quot;hoteller_ext_is_scrollme&quot;:&quot;false&quot;,&quot;hoteller_ext_is_smoove&quot;:&quot;false&quot;,&quot;hoteller_ext_is_parallax_mouse&quot;:&quot;false&quot;,&quot;hoteller_ext_is_infinite&quot;:&quot;false&quot;,&quot;hoteller_ext_is_fadeout_animation&quot;:&quot;false&quot;,&quot;hoteller_ext_mobile_static&quot;:&quot;false&quot;}\" data-widget_type=\"text-editor.default\">\n\t\t\t\t<div class=\"elementor-widget-container\">\n\t\t\t<style>\/*! elementor - v3.11.5 - 14-03-2023 *\/\n.elementor-widget-text-editor.elementor-drop-cap-view-stacked .elementor-drop-cap{background-color:#818a91;color:#fff}.elementor-widget-text-editor.elementor-drop-cap-view-framed .elementor-drop-cap{color:#818a91;border:3px solid;background-color:transparent}.elementor-widget-text-editor:not(.elementor-drop-cap-view-default) .elementor-drop-cap{margin-top:8px}.elementor-widget-text-editor:not(.elementor-drop-cap-view-default) .elementor-drop-cap-letter{width:1em;height:1em}.elementor-widget-text-editor .elementor-drop-cap{float:left;text-align:center;line-height:1;font-size:50px}.elementor-widget-text-editor .elementor-drop-cap-letter{display:inline-block}<\/style>\t\t\t\t<p><b>\u00a0<\/b><\/p><p><b>A\u00c7IKLAMALAR VE H\u0130ZMET S\u00d6ZLE\u015eMES\u0130<br \/><\/b><b style=\"font-family: inherit; font-style: inherit; letter-spacing: 0px;\"><br \/>Odalara giri\u015f saati 14:00, \u00c7\u0131k\u0131\u015f saati 12:00&#8217;dir.<br \/><\/b><b style=\"font-family: inherit; font-style: inherit; letter-spacing: 0px;\">M\u00fc\u015fteri Hizmetleri : +90 252 440 03 30<\/b><\/p><p>L\u00fctfen Rezervasyon De\u011fi\u015fikli\u011fi, \u0130ptal ve \u0130ade konular\u0131nda m\u00fc\u015fteri hizmetleri hatt\u0131n\u0131 aray\u0131n\u0131z.<\/p><p><span style=\"font-family: inherit; font-style: inherit; letter-spacing: 0px;\"><br \/><b>Genel Kurallar<br \/><\/b><\/span><span style=\"font-size: 21px; letter-spacing: 0px;\"><b><br \/><\/b>Web sitesi veya \u00e7a\u011fr\u0131 merkezi \u00fczerinden konaklama hizmeti sat\u0131n alanlar (Bundan b\u00f6yle &#8220;M\u00dc\u015eTER\u0130&#8221; olarak an\u0131lacakt\u0131r.) a\u015fa\u011f\u0131da yer alan kurallara uymay\u0131 kabul etmektedir.<\/span><\/p><p>1- M\u00fc\u015fteri\u2019nin sat\u0131n ald\u0131\u011f\u0131 hizmet ve hizmetin kapsam\u0131 kendisine teslim edilen voucherda ve otelin bro\u015f\u00fcr\u00fcnde belirtilir.<\/p><p>2- M\u00fc\u015fteri, sat\u0131n ald\u0131\u011f\u0131 hizmetin niteliklerini i\u00e7eren voucher, bro\u015f\u00fcrde yer alan konaklama hizmetinin i\u00e7eri\u011fi ile ilgili bilgileri okuyup, bilgi sahibi oldu\u011funu kabul etmektedir.<\/p><p>3- M\u00fc\u015fteri, kendisi ile beraber seyahate kat\u0131lacak olan di\u011fer ki\u015filer ad\u0131na da i\u015f bu konaklama sat\u0131\u015f kurallar\u0131n\u0131 kabul etti\u011fini ve bu an\u0131lan ki\u015filerin ad-soyad, tc kimlik no gibi seyahate kat\u0131lmas\u0131n\u0131 sa\u011flayacak olan bilgilerini do\u011fru vermekle y\u00fck\u00fcml\u00fc oldu\u011funu, kendisine yap\u0131lan \u00f6n bilgilendirme ve konaklama hizmetinin kapsam\u0131 hakk\u0131nda di\u011fer kat\u0131l\u0131mc\u0131lara da bilgi vermekle y\u00fck\u00fcml\u00fc ve sorumlu oldu\u011funu, kendisine verilen voucher\u0131n kat\u0131l\u0131mc\u0131lara da verilmi\u015f say\u0131ld\u0131\u011f\u0131n\u0131 kabul etmektedir. M\u00fc\u015fteri&#8217;nin sat\u0131n alm\u0131\u015f oldu\u011fu hizmete dair her t\u00fcrl\u00fc bilgilendirme sat\u0131n alma an\u0131nda payla\u015ft\u0131\u011f\u0131 ileti\u015fim bilgileri \u00fczerinden sa\u011flanaca\u011f\u0131ndan bu ileti\u015fim bilgilerinin M\u00fc\u015fteri\u2019 taraf\u0131ndan hatal\u0131\/eksik verilmesi ya da hi\u00e7 verilmemesi hallerinde Otel &#8216;in&#8217; bir sorumlulu\u011fu olmad\u0131\u011f\u0131 M\u00fc\u015fteri\u2019 taraf\u0131ndan kabul edilmektedir.<\/p><p>4- Bagaj ve i\u00e7eri\u011fi ile ilgili her t\u00fcrl\u00fc sorumlulu\u011fun kendisine ait oldu\u011funu; m\u00fc\u015fteri yan\u0131nda bulunan e\u015fyalar\u0131 takip ve kontrol etmekle y\u00fck\u00fcml\u00fc oldu\u011funu, kaybolan, h\u0131rs\u0131zl\u0131k konusu olan, zayi olan e\u015fyalardan Otel &#8216;in veya \u00e7al\u0131\u015fanlar\u0131n\u0131n hukuki ve\/veya cezai hi\u00e7bir sorumlulu\u011funun bulunmad\u0131\u011f\u0131n\u0131, belirtilen nedenlerle Otel &#8216;in ve\/veya Otel \u00e7al\u0131\u015fanlar\u0131na kar\u015f\u0131 talepte bulunmayaca\u011f\u0131n\u0131 kabul eder.<\/p><p>5- M\u00fc\u015fteri konaklayaca\u011f\u0131 tesisin yasa ve team\u00fcllere uymakla y\u00fck\u00fcml\u00fc oldu\u011funu; tesis yetkililerince sat\u0131n al\u0131nan hizmetle ilgili olarak bildirilen kurallara uyaca\u011f\u0131n\u0131, \u00fc\u00e7\u00fcnc\u00fc ki\u015filerin can ve mal g\u00fcvenli\u011fini\/b\u00fct\u00fcnl\u00fc\u011f\u00fcn\u00fc tehlikeye atmayaca\u011f\u0131n\u0131 ve \u00fc\u00e7\u00fcnc\u00fc ki\u015filerin can ve mal g\u00fcvenli\u011fi ni\/b\u00fct\u00fcnl\u00fc\u011f\u00fcn\u00fc tehlikeye atmas\u0131 halinde do\u011fabilecek maddi\/manevi t\u00fcm zararlardan \u015fahsen ve birinci derecede sorumlu olaca\u011f\u0131n\u0131, aksi halde Otel &#8216;in&#8217; s\u00f6z konusu hizmeti ifa etmeyece\u011fini ve bu nedenle M\u00fc\u015fteri\u2019nin iade hakk\u0131n\u0131n bulunmad\u0131\u011f\u0131n\u0131 kabul etmektedir.<\/p><p>6- M\u00fc\u015fteri\u2019 sat\u0131n ald\u0131\u011f\u0131 konaklama hizmetinin kapsam\u0131 d\u0131\u015f\u0131nda alaca\u011f\u0131 ekstra yiyecek-i\u00e7ecek, ki\u015fisel harcamalar ve tan\u0131ml\u0131 hizmet d\u0131\u015f\u0131 t\u00fcm mal ve hizmetlerin bedelinin kendisi taraf\u0131ndan \u00f6denece\u011fini kabul etmektedir.<\/p><p>7- \u0130fa edilen hizmetin ay\u0131pl\u0131 oldu\u011fundan bahisle hizmeti kullanmay\u0131 sonland\u0131rmas\u0131 halinde i\u015fbirli\u011fi yapma ve \u00f6zenli davranma borcu gere\u011fi Otel yetkilisine ve konaklad\u0131\u011f\u0131 otele sona erme sebeplerini yaz\u0131l\u0131 olarak bildirece\u011fini, aksi halde hizmeti al\u0131p kullanm\u0131\u015f addolunaca\u011f\u0131n\u0131 kabul eder.<\/p><p>8- M\u00fc\u015fteri\u2019nin kusuru, \u00fc\u00e7\u00fcnc\u00fc bir ki\u015finin beklenmeyen ve \u00f6nlenemez bir davran\u0131\u015f\u0131, m\u00fccbir sebep (olumsuz hava ko\u015fullar\u0131, yol engeli, grev, ter\u00f6r, sis, sava\u015f ihtimali, \u00f6ng\u00f6r\u00fclemez teknik hususlar, darbe, pandemi vb.), Otel&#8217;in ba\u011f\u0131ms\u0131z hizmet sa\u011flay\u0131c\u0131s\u0131n\u0131n gereken t\u00fcm \u00f6zeni g\u00f6sterdi\u011fi halde \u00f6ng\u00f6r\u00fclemeyen ve engellenemeyen bir olay\u0131n meydana gelmesi hallerinde M\u00fc\u015fteri\u2019nin tazminat hakk\u0131 do\u011fmayacakt\u0131r.<\/p><p>9- \u00c7a\u011fr\u0131 merkezinden yap\u0131lan i\u015flemlerde Kay\u0131t an\u0131nda yurti\u00e7i hizmet bedelinin en az %50\u2019si, kalan bakiyenin ise sat\u0131\u015f tarihinden itibaren 2 g\u00fcn i\u00e7erisinde, otele giri\u015f tarihi 14 g\u00fcn ve daha az ise rezervasyon an\u0131nda \u00f6denmesi gerekmektedir. An\u0131lan s\u00fcreler i\u00e7erisinde belirtilen \u00f6demelerin ger\u00e7ekle\u015ftirilmemesi halinde yap\u0131lan rezervasyon iptal edilerek bedelin %50 \u2019si cayma tazminat\u0131 olarak M\u00fc\u015fteri\u2019ye fatura edilir. Erken rezervasyon yoluyla hizmet sat\u0131n alan M\u00dc\u015eTER\u0130, hizmet bedelinin tamam\u0131n\u0131 rezervasyon tarihinde \u00f6demekle y\u00fck\u00fcml\u00fcd\u00fcr. (otel hizmet tarihlerine ve otel yo\u011funlu\u011funa g\u00f6re de\u011fi\u015fim g\u00f6sterebilir) Web sitesinden yap\u0131lan i\u015flemlerde rezervasyon bedelinin tamam\u0131n\u0131 \u00f6denmesi gerekmektedir ve M\u00fc\u015fteriye iletilen rezervasyon bilgisi belgesinde yer alan iptal ko\u015fullar\u0131 ge\u00e7erli dir.<\/p><p><del>10- Otelin \u00e7a\u011fr\u0131 merkezi \u00fczerinden ger\u00e7ekle\u015ftirilen konaklama sat\u0131\u015flar\u0131 BookLogic Bilgi Teknolojileri ve Turizm Ltd.\u015eti.\u00a0 alt yap\u0131s\u0131ndan yararlan\u0131larak yap\u0131lmaktad\u0131r.BookLogic Bilgi Teknolojileri ve Turizm Ltd.\u015eti. pos sistemleri kullan\u0131lmaktad\u0131r. S\u00f6z konusu hizmetin ifas\u0131ndan sonra M\u00fc\u015fteri\u2019nin konaklama bedelini \u00f6demek i\u00e7in kulland\u0131\u011f\u0131 kredi kart\u0131n\u0131n .BookLogic Bilgi Teknolojileri ve Turizm Ltd.\u015eti.\u00a0 \u2018nin kusurundan kaynaklanmayan bir \u015fekilde yetkisiz ki\u015filerce haks\u0131z ve hukuka ayk\u0131r\u0131 olarak kullan\u0131lmas\u0131 iddias\u0131 ile ilgili banka veya finans kurulu\u015funun hizmet bedelini BookLogic Bilgi Teknolojileri ve Turizm Ltd.\u015eti. ye \u00f6dememesi halinde m\u00fc\u015fteri, itiraz edilen hizmet bedelinden ve her t\u00fcrl\u00fc zarardan rezervasyon tarihinden itibaren i\u015fleyecek yasal faizi ile birlikte sorumlu olacakt\u0131r.<\/del><\/p><p>11- Otel &#8216;in hizmeti haks\u0131z olarak vermekten vazge\u00e7mesi halinde Otel, M\u00fc\u015fteri\u2019nin o g\u00fcne kadar yapt\u0131\u011f\u0131 t\u00fcm \u00f6demeleri 14 i\u015f g\u00fcn\u00fc i\u00e7erisinde M\u00fc\u015fteri\u2019ye iade eder.<\/p><p>12- M\u00fc\u015fteri\u2019nin ba\u015flang\u0131c\u0131n\u0131 ka\u00e7\u0131rd\u0131\u011f\u0131 hizmete i\u015ftirak edece\u011fini yaz\u0131l\u0131 olarak bildirmemesi durumunda Otel, M\u00fc\u015fteri ad\u0131na yap\u0131lm\u0131\u015f t\u00fcm rezervasyon ve hizmetleri, 24 saat sonra iptal etme hakk\u0131na sahiptir. Bu gibi durumlarda m\u00fc\u015fteri\u2019 ye herhangi bir \u00fccret iadesi yap\u0131lmaz. M\u00fc\u015fteri, hizmet ba\u015flang\u0131c\u0131ndan itibaren 24 saat i\u00e7inde hizmete tekrar i\u015ftirak edece\u011fini bildirir ise, hizmetten yararlanabilir.<\/p><p>13- M\u00fc\u015fteri\u2019 taraf\u0131ndan sat\u0131n alma a\u015famas\u0131nda payla\u015f\u0131lan adres, telefon, e-mail gibi ileti\u015fim bilgileri bildirimler i\u00e7in kullan\u0131laca\u011f\u0131ndan ileti\u015fim bilgilerindeki de\u011fi\u015fikliklerin bildi rilmemesinin sorumlulu\u011fu M\u00fc\u015fteri\u2019ye aittir.<\/p><p>14- M\u00fc\u015fteri\u2019nin re\u015fit olmamas\u0131 halinde; konaklama tesisi kurallar\u0131na ba\u011fl\u0131 olarak yan\u0131nda ebeveyni ya da yasal velayet sahibi olmaks\u0131z\u0131n hizmetten faydalanamayaca\u011f\u0131 sonucu do\u011fabilece\u011finden b\u00f6yle bir durum geli\u015fti\u011finde i\u015f bu belgede yaz\u0131l\u0131 iptal ko\u015fullar\u0131 devreye girecektir.<\/p><p>15-A \u0130ptal i\u015flemleri, M\u00fc\u015fteri otele girmeden yaz\u0131l\u0131 ya da kal\u0131c\u0131 veri saklay\u0131c\u0131s\u0131 arac\u0131l\u0131\u011f\u0131 ile konaklamadan 7 g\u00fcn \u00f6ncesinde otele bildirmek durumundad\u0131r. Bildirilmeyen veya 7 g\u00fcnden daha az s\u00fcre i\u00e7erinde iptal talebinde bulunulan rezervasyonlarda konaklama bedelinin yar\u0131s\u0131 (No Show) Uygulan\u0131r.<\/p><p>15-B De\u011fi\u015fiklik i\u015flemleri, M\u00fc\u015fteri otele girmeden en az 7g\u00fcn \u00f6ncesine kadar yaz\u0131l\u0131 ya da kal\u0131c\u0131 veri saklay\u0131c\u0131s\u0131 arac\u0131l\u0131\u011f\u0131 ile otele bildirmek durumundad\u0131r. 7g\u00fcnden daha az s\u00fcrede bildirilen de\u011fi\u015fiklik i\u015flemleri (Ki\u015fi ekleme \u00e7\u0131karma, Tarih de\u011fi\u015fikli\u011fi vs..) g\u00fcn\u00fcn ko\u015fullar\u0131na g\u00f6re \u00fccretlendirme yap\u0131l\u0131r.<\/p><p><b>VER\u0130 SORUMLUSU VE VER\u0130 \u0130\u015eLEYEN<\/b><\/p><p>Veri Sorumlusu Otel (B\u0130RMOD TURZ. \u0130N\u015e.TUR. \u0130N\u015e. SAN. T\u0130C. A.\u015e. ) ve veri i\u015fleyen B\u0130RMOD TURZ. \u0130N\u015e.TUR. \u0130N\u015e. SAN. T\u0130C. A.\u015e.&#8217;dir.<\/p><p>1-\u00a0 Otel, elde etmi\u015f oldu\u011fu ve S\u00f6zle\u015fme kapsam\u0131nda payla\u015faca\u011f\u0131 ki\u015fisel veriler ile B\u0130RMOD TURZ. \u0130N\u015e.TUR. \u0130N\u015e. SAN. T\u0130C. A.\u015e.\u00a0 taraf\u0131ndan kendisi ad\u0131na elde edilecek ki\u015fisel verilerin 3. Ki\u015filere aktar\u0131lmas\u0131 ve i\u015flenmesi i\u00e7in gerekli izinlerin veri sahiplerinden 6698 say\u0131l\u0131 Kanun\u2019a uygun olarak al\u0131nd\u0131\u011f\u0131n\u0131 kabul beyan ve taahh\u00fct eder. Otel, Veri Sorumlusu s\u0131fat\u0131 ile 6698 say\u0131l\u0131 Kanun kapsam\u0131nda \u00f6ng\u00f6r\u00fclm\u00fc\u015f her t\u00fcrl\u00fc y\u00fck\u00fcml\u00fcl\u00fc\u011f\u00fc eksiksiz yerine getirece\u011fini kabul, beyan ve taahh\u00fct eder.<\/p><p>2- S\u00f6zle\u015fmede yer alan hizmetlerin ifas\u0131 s\u0131ras\u0131nda B\u0130RMOD TURZ. \u0130N\u015e.TUR. \u0130N\u015e. SAN. T\u0130C. A.\u015e.\u00a0 \u2018in \u201cVeri \u0130\u015fleyen\u201d s\u0131fat\u0131n\u0131 haiz olmas\u0131 ko\u015fulu ile B\u0130RMOD TURZ. \u0130N\u015e.TUR. \u0130N\u015e. SAN. T\u0130C. A.\u015e. 6698 say\u0131l\u0131 Kanun\u2019da Veri \u0130\u015fleyen tan\u0131m\u0131 kapsam\u0131nda y\u00fcklenen t\u00fcm sorumluluk ve y\u00fck\u00fcml\u00fcl\u00fckleri yerine getirmeyi kabul etmektedir B\u0130RMOD TURZ. \u0130N\u015e.TUR. \u0130N\u015e. SAN. T\u0130C. A.\u015e.\u00a0 her hal\u00fckarda 6698 say\u0131l\u0131 Kanun\u2019da yer alan ve Veri Sorumlusu\u2019nun y\u00fck\u00fcml\u00fcl\u00fc\u011f\u00fc alt\u0131nda bulunan i\u015flemlerden veya meydana gelen zararlardan sorumlu tutulamaz ve hi\u00e7bir surette Otel taraf\u0131ndan kendisine aktar\u0131lan ki\u015fisel veriler ile B\u0130RMOD TURZ. \u0130N\u015e.TUR. \u0130N\u015e. SAN. T\u0130C. A.\u015e.\u00a0 taraf\u0131ndan kendisi ad\u0131na elde edilecek ki\u015fisel veriler bak\u0131m\u0131ndan Veri Sorumlusu s\u0131fat\u0131n\u0131 ta\u015f\u0131mamaktad\u0131r.<\/p><p>3- B\u0130RMOD TURZ. \u0130N\u015e.TUR. \u0130N\u015e. SAN. T\u0130C. A.\u015e.\u00a0 6698 say\u0131l\u0131 Kanun \u2018da tan\u0131ml\u0131 oldu\u011fu \u015fekilde kendi kusuru nedeniyle ki\u015fisel verilerin amac\u0131 d\u0131\u015f\u0131nda kullan\u0131lmas\u0131 veya yine kusuru dahilinde 3. ki\u015filere kanunsuz olarak if\u015fa edilmi\u015f olmas\u0131 halleri d\u0131\u015f\u0131nda do\u011frudan veya dolayl\u0131 hi\u00e7bir zarar\u0131n muhatab\u0131 de\u011fildir.<\/p><p>4- B\u0130RMOD TURZ. \u0130N\u015e.TUR. \u0130N\u015e. SAN. T\u0130C. A.\u015e.\u00a0 ki\u015fisel verilerin hukuka ayk\u0131r\u0131 i\u015flenmesini \u00f6nlemek, ki\u015fisel verileri hukuka ayk\u0131r\u0131 olarak eri\u015filmesini \u00f6nlemek ve ki\u015fisel verilerin muhafazas\u0131n\u0131 sa\u011flamak amac\u0131yla uygun g\u00fcvenlik d\u00fczeyini temin etmeye y\u00f6nelik gerekli her t\u00fcrl\u00fc teknik ve g\u00fcvenlik \u00f6nlemini almakla y\u00fck\u00fcml\u00fcd\u00fcr.<\/p><p>5- Taraflar, herhangi bir resmi kurumdan i\u015fbu kapsam\u0131nda gelecek bildirim neticesinde t\u00fcm tazminat talebi haklar\u0131 sakl\u0131 kalmak kayd\u0131yla S\u00f6zle\u015fmeyi derhal feshetmeye yetkilidir.<\/p><p><b>K\u0130\u015e\u0130SEL VER\u0130LER\u0130N\u0130Z\u0130N KULLANIM ALANLARI<\/b><\/p><p>Sat\u0131n ald\u0131\u011f\u0131n\u0131z hizmet kapsam\u0131nda toplanan ve i\u015flenen ki\u015fisel verileriniz, sadece i\u015fin yap\u0131labilmesi amac\u0131yla ve gizlilik s\u00f6zle\u015fmeleri e\u015fli\u011finde gerekti\u011finde;<\/p><ul><li>Otel rezervasyonlar\u0131n\u0131z\u0131n yap\u0131labilmesi,<\/li><li>Varsa ula\u015f\u0131mlar\u0131n\u0131z\u0131n sa\u011flanabilmesi,<\/li><li>Otele giri\u015f i\u015flemlerinin haz\u0131rlanabilmesi,<\/li><li>Otel hizmet standartlar\u0131n\u0131n s\u00fcrd\u00fcr\u00fclmesi,<\/li><li>Kurumsal ve idari y\u00f6netimin sa\u011flanmas\u0131,<\/li><\/ul><p>Otel\u2019in \u00e7\u00f6z\u00fcm ortaklar\u0131na ve ifa yard\u0131mc\u0131s\u0131 konumundaki \u015firketlere veya di\u011fer Otel\u2019in i\u015ftiraklerine aktar\u0131lmaktad\u0131r.<\/p>\t\t\t\t\t\t<\/div>\n\t\t\t\t<\/div>\n\t\t\t\t\t<\/div>\n\t\t<\/div>\n\t\t\t\t\t\t\t<\/div>\n\t\t<\/section>\n\t\t\t\t\t\t\t<\/div>","protected":false},"excerpt":{"rendered":"<p>\u00a0 A\u00c7IKLAMALAR VE H\u0130ZMET S\u00d6ZLE\u015eMES\u0130Odalara giri\u015f saati 14:00, \u00c7\u0131k\u0131\u015f saati 12:00&#8217;dir.M\u00fc\u015fteri Hizmetleri : +90 252 440 03 30 L\u00fctfen Rezervasyon De\u011fi\u015fikli\u011fi, \u0130ptal ve \u0130ade konular\u0131nda m\u00fc\u015fteri hizmetleri hatt\u0131n\u0131 aray\u0131n\u0131z. Genel KurallarWeb sitesi veya \u00e7a\u011fr\u0131 merkezi \u00fczerinden konaklama hizmeti sat\u0131n alanlar [&hellip;]<\/p>","protected":false},"author":1,"featured_media":0,"parent":0,"menu_order":5,"comment_status":"closed","ping_status":"closed","template":"elementor_header_footer","meta":{"footnotes":""},"class_list":["post-7992","page","type-page","status-publish","hentry"],"_links":{"self":[{"href":"https:\/\/site.yasminbodrum.com\/en\/wp-json\/wp\/v2\/pages\/7992","targetHints":{"allow":["GET"]}}],"collection":[{"href":"https:\/\/site.yasminbodrum.com\/en\/wp-json\/wp\/v2\/pages"}],"about":[{"href":"https:\/\/site.yasminbodrum.com\/en\/wp-json\/wp\/v2\/types\/page"}],"author":[{"embeddable":true,"href":"https:\/\/site.yasminbodrum.com\/en\/wp-json\/wp\/v2\/users\/1"}],"replies":[{"embeddable":true,"href":"https:\/\/site.yasminbodrum.com\/en\/wp-json\/wp\/v2\/comments?post=7992"}],"version-history":[{"count":17,"href":"https:\/\/site.yasminbodrum.com\/en\/wp-json\/wp\/v2\/pages\/7992\/revisions"}],"predecessor-version":[{"id":8011,"href":"https:\/\/site.yasminbodrum.com\/en\/wp-json\/wp\/v2\/pages\/7992\/revisions\/8011"}],"wp:attachment":[{"href":"https:\/\/site.yasminbodrum.com\/en\/wp-json\/wp\/v2\/media?parent=7992"}],"curies":[{"name":"wp","href":"https:\/\/api.w.org\/{rel}","templated":true}]}}