{"id":7753,"date":"2023-09-05T13:58:08","date_gmt":"2023-09-05T10:58:08","guid":{"rendered":"https:\/\/site.yasminbodrum.com\/?page_id=7753"},"modified":"2023-09-16T13:48:47","modified_gmt":"2023-09-16T10:48:47","slug":"kss","status":"publish","type":"page","link":"https:\/\/site.yasminbodrum.com\/en\/kss\/","title":{"rendered":"Kurumsal Sosyal Sorumluluk Tr"},"content":{"rendered":"<div data-elementor-type=\"wp-page\" data-elementor-id=\"7753\" class=\"elementor elementor-7753\">\n\t\t\t\t\t\t\t\t\t<section class=\"elementor-section elementor-top-section elementor-element elementor-element-3d14b87 elementor-section-boxed elementor-section-height-default elementor-section-height-default\" data-id=\"3d14b87\" data-element_type=\"section\" data-settings=\"{&quot;hoteller_ext_is_background_parallax&quot;:&quot;false&quot;,&quot;hoteller_ext_is_background_on_scroll&quot;:&quot;false&quot;}\" data-no-translation=\"\">\n\t\t\t\t\t\t<div class=\"elementor-container elementor-column-gap-default\">\n\t\t\t\t\t<div class=\"elementor-column elementor-col-100 elementor-top-column elementor-element elementor-element-261ac60\" data-id=\"261ac60\" data-element_type=\"column\" data-settings=\"{&quot;hoteller_ext_link_sidemenu&quot;:&quot;false&quot;,&quot;hoteller_ext_link_fullmenu&quot;:&quot;false&quot;,&quot;hoteller_ext_link_closed_fullmenu&quot;:&quot;false&quot;,&quot;hoteller_ext_is_scrollme&quot;:&quot;false&quot;,&quot;hoteller_ext_is_smoove&quot;:&quot;false&quot;,&quot;hoteller_ext_is_parallax_mouse&quot;:&quot;false&quot;,&quot;hoteller_ext_is_infinite&quot;:&quot;false&quot;,&quot;hoteller_ext_is_fadeout_animation&quot;:&quot;false&quot;,&quot;hoteller_ext_mobile_static&quot;:&quot;false&quot;}\">\n\t\t\t<div class=\"elementor-widget-wrap elementor-element-populated\">\n\t\t\t\t\t\t\t\t<div class=\"elementor-element elementor-element-6f7e32e elementor-widget elementor-widget-text-editor\" data-id=\"6f7e32e\" data-element_type=\"widget\" data-settings=\"{&quot;hoteller_ext_link_sidemenu&quot;:&quot;false&quot;,&quot;hoteller_ext_link_fullmenu&quot;:&quot;false&quot;,&quot;hoteller_ext_link_closed_fullmenu&quot;:&quot;false&quot;,&quot;hoteller_ext_is_scrollme&quot;:&quot;false&quot;,&quot;hoteller_ext_is_smoove&quot;:&quot;false&quot;,&quot;hoteller_ext_is_parallax_mouse&quot;:&quot;false&quot;,&quot;hoteller_ext_is_infinite&quot;:&quot;false&quot;,&quot;hoteller_ext_is_fadeout_animation&quot;:&quot;false&quot;,&quot;hoteller_ext_mobile_static&quot;:&quot;false&quot;}\" data-widget_type=\"text-editor.default\">\n\t\t\t\t<div class=\"elementor-widget-container\">\n\t\t\t\t\t\t\t<h5>\u00a0<\/h5><h5>\u00a0<\/h5><h5 style=\"text-align: center;\">Corporate Social Responsibility<\/h5><h6>OUR VISION<\/h6><p>Ensuring that the name Yasmin Bodrum is remembered with quality, trust and excellence service by overholding cultural and natural beauties of the region we are in and reinforcing our permanence in the national sector with our happy employees and increased market share.<\/p><h6>OUR MISSION<\/h6><p>We offer our guests a high-value acommodation experience beyond their expectations, with our warmest welcome.<\/p><p>With our passionate, solution-oriented team that works constantly grow and develop and loves to create together, we carry our guests\u2019 satisfaction and trust to the highest levels by always adhering to high standarts.<\/p><p>Being aware of our responsibilities to our employees, guests, business partners, society and our planet, we walk hand in hand to shape the future of hospitality together.<\/p><h6>OUR VALUES<\/h6><p>-Empathy\u00a0 -Smart Solution\u00a0 -Continuous Improvement -Tolerance -Integrity<\/p><h6>OUR HUMAN PHILOSOPHY: WE ARE STRONGER TOGETHER!<\/h6><p>As Yasmin Bodrum, we believe that people need people and we are stronger together. We connect with our guests, employees, business partners and society in order to create a friendly community. At Yasmin Bodrum, we always help and support each other, listen with emphaty, guide correctly and smile freely. Because we know that this is what makes us human and brings out the best in us. With this philosophy, we take action and rise together.<\/p><p>And together, we can make our world a better place to live for everyone.<\/p><h6>OUR CSR(CORPORATE SOCIAL RESPONSIBILITY) APPROACH<\/h6><p>We are taking action for a more liveable World!<\/p><p>Our CSR initiativesv operationalize our values. Because we believe in turning words and ideas in to actions as much as we can. Fort this reason, we are inspired by the \u2018Sustainable Development Goals\u2019 adopted in 2015, which is apart of the 2030 Agenda of the United Nations\u2019. Such\u00a0 goals help us to motivate our employees, business partners and investors and guides us on how to move forward on the path of sustainable growth by\u00a0 increasing guest satisfaction and strengthening our brand value.<\/p><h6>SUSTAINABLE DEVELOPMENT : TOGETHER!<\/h6><p>AND\u2026<\/p><p>Yasmin Bodrum \u201cTOGETHER\u201d Corporate Social<\/p><p>Responsibility Team was born with its sincere<\/p><p>and most beautiful spirit from the source of<\/p><p>such good efforts!<\/p><p><img loading=\"lazy\" decoding=\"async\" class=\"size-medium wp-image-7865 aligncenter\" src=\"https:\/\/site.yasminbodrum.com\/wp-content\/uploads\/2023\/09\/together-300x297.jpg\" alt=\"\" width=\"300\" height=\"297\" srcset=\"https:\/\/site.yasminbodrum.com\/wp-content\/uploads\/2023\/09\/together-300x297.jpg 300w, https:\/\/site.yasminbodrum.com\/wp-content\/uploads\/2023\/09\/together-150x150.jpg 150w, https:\/\/site.yasminbodrum.com\/wp-content\/uploads\/2023\/09\/together-12x12.jpg 12w, https:\/\/site.yasminbodrum.com\/wp-content\/uploads\/2023\/09\/together-100x100.jpg 100w, https:\/\/site.yasminbodrum.com\/wp-content\/uploads\/2023\/09\/together.jpg 353w\" sizes=\"auto, (max-width: 300px) 100vw, 300px\" \/><\/p><p>HUMAN<\/p><p>We act with ethical principles.<\/p><p>We ensure\u00a0 health, safety and well-being of all our employees.<\/p><p>We create a business environment that respects human rights.<\/p><p>Our management approach is based on the principles of openness, transparency, justice and equality. We follow an open door policy.<\/p><p>We do not discriminate anyone\u00a0 on any grounds such as\u00a0 language, religion, race, age, sect, ethnic origin, physical and psychological special conditions, socio-economic status, education, gender, sexual orientation, political thought, philosophical belief, disability, vulnerable groups, etc..<\/p><p>We do not allow anyone exposed to situations such as abuse, harassment, discrimination, suppression, coercion, slander, etc.<\/p><p>We support women&#8217;s employment. Our management team consists of 43% female employees.<\/p><p>We have the principle of equal pay for equal work being fair and industry-friendly.<\/p><p>The working age is the age determined by the laws and we are against the employment of children.<\/p><p>We carry out joint studies with the talent academy, attach importance to youth employment and support it.<\/p><p>In addition to social rights, fringe benefits and awards, we train our employees with our understanding of continuous education and contribute to their professional and personal development.<\/p><p>We improve our employees\u2019 opportunities, environments and our communication with our employees to be a preferred employer.<\/p><p>We enable our employees to feel their contribution to social life by helping them to take\u00a0 part in social responsibility activities and to develop their perspectives on life in this direction.<\/p><h6>SOCIETY<\/h6><p>We give priority to regional and suppliers providing affordable services on purchasing, renting or providing of goods and services.<\/p><p>We prefer locally produced products when purchasing.<\/p><p>We actively support the local community and take initiatives for its development.<\/p><p>We provide local residents with equal opportunities for employment and advancement, including management positions.<\/p><p>We support local entrepreneurs for the development and sale of sustainable products and services based on the nature, history and culture of the region.<\/p><p>We enforce a policy against commercial, sexual, or any other form of exploitation or harassment against specially protected groups and other vulnerable groups.<\/p><p>With our activities, we do not jeopardize the provision of essential services such as food, water, energy, health or sanitation to neighboring communities.<\/p><p>Our activities do not adversely affect the local community&#8217;s access to livelihoods including land and water resources use, right of way, transportation and housing.<\/p><h6>CHILD POLICY<\/h6><p>We believe that everyone should take responsibility for protection of children. We know that child welfare and the protection of children from all forms of harm are\u00a0 the utmost important and that it is our primary duty to protect all children with whom we relate from physical and mental abuse. In order to achieve this, we pay regard to adhere to the\u00a0 United Nations Convention on the Rights of the Child (UNCRC) 1989 in our activities. In UNCRC 1989, \u201cChild\u201d is defined as \u201cindividuals who have not reached the age of 18\u201d.<\/p><p>We as Yasmin Bodrum aim;<\/p><p>to value, respect and listen to children,<\/p><p>to perform all necessary checks on the subject in recruitment,<\/p><p>to develop and implement effective child protection systems to be performed by our employees,<\/p><p>Informing our employees about the topic and planning and developing practices in order to create a common understanding,<\/p><p>Informing children and their families about exemplary child protection activities,<\/p><p>Sharing information with relevant institutions and organizations, including children and their families in this effort,<\/p><p>Managing our employees effectively by creating relevant clear and understandable processes related to the topic and managing and supporting such processes,<\/p><p>Allocating appropriate and sufficient resources for the implementation of this policy and ensuring that it is understood by informing relevant parties,<\/p><p>We hereby undertake to improve this policy with new regulations in order to set a good model by auditing it on an annual basis.<\/p><p>It is mandatory for all our employees to comply with this policy and it includes everyone working on behalf of Yasmin Bodrum.<\/p><h6>PLANET<\/h6><p>\u201cNature Protects Us As Long As We Protect Nature \u201d<\/p><p>Our hotel is an eco-friendly facility. All employees in each department have this mission.<\/p><p>We are on the way to become an eco- friendly hotel by protecting natural plant species, supporting natural life, protecting wild animals, waste management, controlled use of natural resources (electricity, water, etc.).<\/p><h6>OUR ENVIRONMENTAL POLICY<\/h6><p>Our environmental policy, which aims to comply with all environmental laws and regulations in order to protect our environment and ensure its sustainability, to improve our environmental performance continuously by keeping environmental impacts under control and reducing such effects and to provide a role model business-environment relationship to our stakeholders with activities based on volunteerism beyond\u00a0 practices and legal responsibilities while ensuring the added value and employment we create with the service production we perform, to leave a habitable and clean environment for future generations; is based on &#8220;Respect for Human and the Environment We Live in&#8221; being aware of our responsibilities to the environment.<\/p><p>The management shall be a constant follower of the implementation of the environmental policies and activities committed.<\/p><h6>ROOM &amp; COMMON AREAS<\/h6><p>Instead of changing towels and sheets every day, we offer our guests the option to continue using the towels and sheets.<\/p><p>We only change items such as partially used soaps, shampoo, and other bath amenities on the day our guests leave the room.<\/p><p>We avoid use of cleaning products that pollute the environment.<\/p><p>We use tap aerators to save water in common areas.<\/p><p>We pay attention to detergent and water consumption.<\/p><p>We train our employees on the correct and effective use of chemicals.<\/p><p>We save water by doing our garden irrigation when there is no sun and by using a drip system.<\/p><h6>KITCHEN &amp; RESTAURANT<\/h6><p>\u00a0We do not thaw frozen products in water.<\/p><p>We try to use local products as much as possible.<\/p><p>We serve up typical Turkish Dishes in our menus.<\/p><p>We serve up vegetarian menus.<\/p><p>We try to use unprocessed and seasonal foods as much as possible.<\/p><p>We do not serve up alcohol to those under the age of 18 according to Turkish Law.<\/p><p>We now share food with pets at our hotel or give it to those who have pets in our team.<\/p><p>We only use our dishwashers with a full load.<\/p><p>We keep the lights inside the cold storages off when not in use.<\/p><p>We do not leave the taps open unnecessarily.<\/p><h6>ENERGY-SAVING MEASURES<\/h6><p>We raise awareness of our employees on energy saving.<\/p><p>We use energy saving bulbs and LED lighting throughout the hotel.<\/p><p>We use an energy saving mechanism that cuts off energy when our guests leave their rooms.<\/p><p>We use heat-insulated glass, UV filter films, architectural shading devices with a 45 degree angle.<\/p><p>We use energy-efficient devices and always replace any unusable device with an energy-efficient alternative.<\/p><p>We use cooling devices that do not contain CFC\/HCFC gases.<\/p><p>By performing the maintenance and repair of our devices on an annual plan, we extend their life time as well as their efficient operation.\u00a0<\/p><h6>WASTE MANAGEMENT<\/h6><p>We purchase products in large volume packages as much as possible.<\/p><p>We avoid \u201cdisposable\u201d products as much as possible. We do not use colored toilet paper.<\/p><p>We use paper napkins as little as possible.<\/p><p>We analyse our product consumption regularly and in a controlled manner.<\/p><p>We collect waste batteries and send them to the Waste Battery Collection centers.<\/p><p>We collect waste oil and deliver it to the licensed Waste Oil Collection companies.<\/p><p>We collect packaging waste and separate it as paper, metal, plastic and glass.<\/p><p>We reuse previously used papers in our offices.<\/p><p>We send cartridges and toners to the licensed collector companies.<\/p><p>Other waste sorting at our facility includes medical waste, fluorescent light bulbs, electric-electronic waste and contaminated packaging waste.<\/p><p><a href=\"https:\/\/www.bodrum.bel.tr\/en\/\" target=\"_blank\" rel=\"noopener\">https:\/\/www.bodrum.bel.tr\/en<\/a><\/p><p><a href=\"https:\/\/goturkiye.com\/homepage\" target=\"_blank\" rel=\"noopener\">https:\/\/goturkiye.com\/homepage<\/a><\/p><p><a href=\"https:\/\/mugla.goturkiye.com\/homepage\" target=\"_blank\" rel=\"noopener\">https:\/\/mugla.goturkiye.com\/homepage<\/a><\/p><p><a href=\"https:\/\/mugla.ktb.gov.tr\/TR-296341\/nereye-gidilir.html\" target=\"_blank\" rel=\"noopener\">https:\/\/mugla.ktb.gov.tr\/TR-296341\/nereye-gidilir.html<\/a><\/p>\t\t\t\t\t\t<\/div>\n\t\t\t\t<\/div>\n\t\t\t\t\t<\/div>\n\t\t<\/div>\n\t\t\t\t\t\t\t<\/div>\n\t\t<\/section>\n\t\t\t\t\t\t\t<\/div>","protected":false},"excerpt":{"rendered":"<p>\u00a0 \u00a0 Kurumsal Sosyal Sorumluluk V\u0130ZYONUMUZ Bulundu\u011fumuz b\u00f6lgenin\u00a0 k\u00fclt\u00fcrel ve do\u011fal g\u00fczelliklerine sahip \u00e7\u0131karak mutlu \u00e7al\u0131\u015fanlar\u0131m\u0131z ve artt\u0131r\u0131lm\u0131\u015f pazar pay\u0131m\u0131zla ulusal sekt\u00f6rdeki kal\u0131c\u0131l\u0131\u011f\u0131m\u0131z\u0131 peki\u015ftirmekle kalmay\u0131p, Yasmin Bodrum ad\u0131n\u0131n kalite, g\u00fcven ve m\u00fckemmel hizmet anlay\u0131\u015f\u0131yla birlikte an\u0131lmas\u0131n\u0131 sa\u011flamak. M\u0130SYONUMUZ En s\u0131cak [&hellip;]<\/p>","protected":false},"author":1,"featured_media":0,"parent":0,"menu_order":7,"comment_status":"closed","ping_status":"closed","template":"elementor_header_footer","meta":{"footnotes":""},"class_list":["post-7753","page","type-page","status-publish","hentry"],"_links":{"self":[{"href":"https:\/\/site.yasminbodrum.com\/en\/wp-json\/wp\/v2\/pages\/7753","targetHints":{"allow":["GET"]}}],"collection":[{"href":"https:\/\/site.yasminbodrum.com\/en\/wp-json\/wp\/v2\/pages"}],"about":[{"href":"https:\/\/site.yasminbodrum.com\/en\/wp-json\/wp\/v2\/types\/page"}],"author":[{"embeddable":true,"href":"https:\/\/site.yasminbodrum.com\/en\/wp-json\/wp\/v2\/users\/1"}],"replies":[{"embeddable":true,"href":"https:\/\/site.yasminbodrum.com\/en\/wp-json\/wp\/v2\/comments?post=7753"}],"version-history":[{"count":44,"href":"https:\/\/site.yasminbodrum.com\/en\/wp-json\/wp\/v2\/pages\/7753\/revisions"}],"predecessor-version":[{"id":7871,"href":"https:\/\/site.yasminbodrum.com\/en\/wp-json\/wp\/v2\/pages\/7753\/revisions\/7871"}],"wp:attachment":[{"href":"https:\/\/site.yasminbodrum.com\/en\/wp-json\/wp\/v2\/media?parent=7753"}],"curies":[{"name":"wp","href":"https:\/\/api.w.org\/{rel}","templated":true}]}}